{"id":356,"date":"2019-09-10T09:14:11","date_gmt":"2019-09-10T07:14:11","guid":{"rendered":"https:\/\/www.piw.poznan.pl\/?page_id=356"},"modified":"2026-01-23T11:01:00","modified_gmt":"2026-01-23T10:01:00","slug":"wykaz-zakladow-leczniczych-dla-zwierzat-w-ktorych-mozna-przeprowadzic-obserwacje-w-kierunku-wykluczenia-wscieklizny","status":"publish","type":"page","link":"https:\/\/www.piw.poznan.pl\/index.php\/wykaz-zakladow-leczniczych-dla-zwierzat-w-ktorych-mozna-przeprowadzic-obserwacje-w-kierunku-wykluczenia-wscieklizny\/","title":{"rendered":"Wykaz zak\u0142ad\u00f3w leczniczych dla zwierz\u0105t w&nbsp;kt\u00f3rych mo\u017cna przeprowadzi\u0107 obserwacj\u0119 w&nbsp;kierunku wykluczenia w\u015bcieklizny"},"content":{"rendered":"\n<figure class=\"wp-block-table\"><table><tbody><tr><td>60-502 Pozna\u0144 ul. Wawrzyniaka 41<br>tel. 61 843 23 53<\/td><\/tr><tr><td>62-050 Mosina ul. D\u0142uga 1<br>tel. 602 638 487<\/td><\/tr><tr><td>62-090 Napachanie ul. Pozna\u0144ska 10<br>tel. 602&nbsp;608 892 <\/td><\/tr><tr><td>62-095 Murowana Go\u015blina ul. Rogozi\u0144ska 53<br>tel. 602&nbsp;219 492  <\/td><\/tr><tr><td>64-320 Buk ul. 700 \u2013 lecia Miasta 5<br>tel. 608 261 636<\/td><\/tr><tr><td>62-052 Komorniki ul. Staszica 41<br>tel. 61&nbsp;810 76 50 <\/td><\/tr><tr><td>62-010 Pobiedziska ul. Kaczy\u0144ska 6<br>tel.503 055 207 <\/td><\/tr><tr><td>60-687 Pozna\u0144 O\u015b. Stefana Batorego 82N\/L6<br>tel. 604 069 091 <\/td><\/tr><tr><td>64-320 Buk ul. S\u0142oneczna 8a<br>tel. 509 681 933<\/td><\/tr><tr><td>61-622 \u201eEDINA\u201d Naramowicka 68, Pozna\u0144<\/td><\/tr><tr><td>\u201dWETPUPIL\u201d Swarz\u0119dz ul. Nowowiejska 24 c<br>tel. 61&nbsp;815 97 76, 669&nbsp;003 212<\/td><\/tr><tr><td>Schronisko dla zwierz\u0105t, Kobylepole 51, 61-304 Pozna\u0144,<br>tel. 61 868 10 86<\/td><\/tr><tr><td>62-025 Kostrzyn ul. Estkowskiego 7<\/td><\/tr><tr><td>Sk\u00f3rzewo jako Przychodnia Weterynaryjna Kejter<br>ul. Kolejowa 39, 60-185 Sk\u00f3rzewo<br>tel. 61 814 36 22<\/td><\/tr><tr><td>\u201eZWIERZAK\u201d Pozna\u0144 ul. Staro\u0142\u0119cka 184 <br>tel. 668 490 636<\/td><\/tr><tr><td><strong>W sytuacjach niecierpi\u0105cych zw\u0142oki dojazd do pacjenta tel. 695&nbsp;306 573 ca\u0142y powiat<\/strong><\/td><\/tr><tr><td><strong>W sytuacjach&nbsp; niecierpi\u0105cych zw\u0142oki dojazd do pacjenta tel. 788&nbsp;259&nbsp;843 rejon Komorniki<\/strong><\/td><\/tr><tr><td>Przychodnia weterynaryjna CaniFelvet <br>ul. Powsta\u0144c\u00f3w Wlkp.5, 62-040 Puszczykowo<br>tel. 660 411 536<\/td><\/tr><tr><td>62-095 Murowana Go\u015blina ul. Okr\u0119\u017cna 2<br>tel. 691&nbsp;056 931<\/td><\/tr><tr><td>62-003 Biedrusko ul. Wojskowa 12\/1, <br>tel. 783&nbsp;739 779<\/td><\/tr><tr><td>GABINET WETERYNARYJNY BAHATI <br>Sk\u00f3rzewo ul. Pozna\u0144ska 131\/8 <br>tel. 508 421 577<\/td><\/tr><tr><td>os. Jagiello\u0144skie 77, 61-217 Pozna\u0144 <br>tel. 61&nbsp;879 1553 <br>i ul. Skryta 9 62-064 Plewiska. <br>tel. 61&nbsp;651 7020<\/td><\/tr><tr><td>61-441 Pozna\u0144 ul. 28 czerwca 1956 r. 382A\/U1<br>Tel. 604&nbsp;904 653<\/td><\/tr><tr><td>Gabinet weterynaryjny w Kostrzynie ul. Ku\u015bnierska 2b<br>tel. 695 268 586<\/td><\/tr><tr><td>Pozna\u0144 Os. Jagie\u0142\u0142y 33<br>tel. 61 824 31 78, 603 191 663<\/td><\/tr><tr><td>62-025 Kostrzyn Wlkp. Ul. Wrzesi\u0144ska 3 <br>tel. 601&nbsp;842&nbsp;253<\/td><\/tr><tr><td>Schronisko w Ska\u0142owie ul. Warzywna 25, 62-025 Ska\u0142owo<br>tel. 661 424 871<\/td><\/tr><tr><td>Gabinet Weterynaryjny, Wodna 5\/2, 62-035 K\u00f3rnik <br>tel. 601 884 441<\/td><\/tr><tr><td>Gabinet Weterynaryjny Ohana <br>67-222 K\u00f3rnik, Micha\u0142owskiego 36 lok. 9 , <br>tel. 883 015 204<\/td><\/tr><tr><td>Gabinet Weterynaryjny Animal, <br>ul. Nad Wierzbakiem 20\/1 60-612 Pozna\u0144, <br>tel. 602 225 371, 61 840 12 62<\/td><\/tr><tr><td>VetiKa, Ul. Jarz\u0119binowa 59, 64-320, Niepruszewo, tel. 606239513<\/td><\/tr><tr><td>Gabinet Weterynaryjny B. Wartecki K. \u015aliwa <br>ul. Ro\u015blinna 1c, 61-307 Pozna\u0144 <br>Telefon: 669 003 212<\/td><\/tr><tr><td>CANIFEL VET Sp zoo Laskowska 72A, 62-051 Wiry tel. 780 191 800<\/td><\/tr><\/tbody><\/table><\/figure>\n","protected":false},"excerpt":{"rendered":"<p>60-502 Pozna\u0144 ul. Wawrzyniaka 41tel. 61 843 23 53 62-050 Mosina ul. D\u0142uga 1tel. 602 638 487 62-090 Napachanie ul. Pozna\u0144ska 10tel. 602&nbsp;608 892 62-095 Murowana Go\u015blina ul. Rogozi\u0144ska 53tel. 602&nbsp;219 492 64-320 Buk ul. 700 \u2013 lecia Miasta 5tel. 608 261 636 62-052 Komorniki ul. Staszica 41tel. 61&nbsp;810 76 50 62-010 Pobiedziska ul. Kaczy\u0144ska [&hellip;]<\/p>\n","protected":false},"author":1,"featured_media":0,"parent":0,"menu_order":0,"comment_status":"closed","ping_status":"closed","template":"","meta":{"footnotes":""},"class_list":["post-356","page","type-page","status-publish","hentry"],"_links":{"self":[{"href":"https:\/\/www.piw.poznan.pl\/index.php\/wp-json\/wp\/v2\/pages\/356","targetHints":{"allow":["GET"]}}],"collection":[{"href":"https:\/\/www.piw.poznan.pl\/index.php\/wp-json\/wp\/v2\/pages"}],"about":[{"href":"https:\/\/www.piw.poznan.pl\/index.php\/wp-json\/wp\/v2\/types\/page"}],"author":[{"embeddable":true,"href":"https:\/\/www.piw.poznan.pl\/index.php\/wp-json\/wp\/v2\/users\/1"}],"replies":[{"embeddable":true,"href":"https:\/\/www.piw.poznan.pl\/index.php\/wp-json\/wp\/v2\/comments?post=356"}],"version-history":[{"count":16,"href":"https:\/\/www.piw.poznan.pl\/index.php\/wp-json\/wp\/v2\/pages\/356\/revisions"}],"predecessor-version":[{"id":1673,"href":"https:\/\/www.piw.poznan.pl\/index.php\/wp-json\/wp\/v2\/pages\/356\/revisions\/1673"}],"wp:attachment":[{"href":"https:\/\/www.piw.poznan.pl\/index.php\/wp-json\/wp\/v2\/media?parent=356"}],"curies":[{"name":"wp","href":"https:\/\/api.w.org\/{rel}","templated":true}]}}