{"id":688,"date":"2021-08-16T13:52:12","date_gmt":"2021-08-16T11:52:12","guid":{"rendered":"https:\/\/www.piw.poznan.pl\/?page_id=688"},"modified":"2021-08-16T13:52:12","modified_gmt":"2021-08-16T11:52:12","slug":"podmiot-wyznaczony-do-szkolen-w-zakresie-uboju","status":"publish","type":"page","link":"https:\/\/www.piw.poznan.pl\/index.php\/podmiot-wyznaczony-do-szkolen-w-zakresie-uboju\/","title":{"rendered":"Podmiot wyznaczony do szkole\u0144 w zakresie uboju"},"content":{"rendered":"\n<p>Powiatowy Lekarz Weterynarii informuje, \u017ce podmiotem wyznaczonym do przeprowadzania szkole\u0144 dla os\u00f3b zawodowo zajmuj\u0105cych si\u0119 u\u015bmiercaniem i dzia\u0142aniami zwi\u0105zanymi z u\u015bmiercaniem zwierz\u0105t uprawniaj\u0105cych do pracy w rze\u017ani, jest:<\/p>\n\n\n\n<p>INSTYTUT BIOTECHNOLOGII PRZEMYS\u0141U ROLNO-SPO\u017bYWCZEGO<br>im. prof. Wac\u0142awa D\u0105browskiego<br>ul. G\u0142ogowska 239 Pozna\u0144<\/p>\n","protected":false},"excerpt":{"rendered":"<p>Powiatowy Lekarz Weterynarii informuje, \u017ce podmiotem wyznaczonym do przeprowadzania szkole\u0144 dla os\u00f3b zawodowo zajmuj\u0105cych si\u0119 u\u015bmiercaniem i dzia\u0142aniami zwi\u0105zanymi z u\u015bmiercaniem zwierz\u0105t uprawniaj\u0105cych do pracy w rze\u017ani, jest: INSTYTUT BIOTECHNOLOGII PRZEMYS\u0141U ROLNO-SPO\u017bYWCZEGOim. prof. Wac\u0142awa D\u0105browskiegoul. G\u0142ogowska 239 Pozna\u0144<\/p>\n","protected":false},"author":1,"featured_media":0,"parent":0,"menu_order":0,"comment_status":"closed","ping_status":"closed","template":"","meta":{"footnotes":""},"class_list":["post-688","page","type-page","status-publish","hentry"],"_links":{"self":[{"href":"https:\/\/www.piw.poznan.pl\/index.php\/wp-json\/wp\/v2\/pages\/688","targetHints":{"allow":["GET"]}}],"collection":[{"href":"https:\/\/www.piw.poznan.pl\/index.php\/wp-json\/wp\/v2\/pages"}],"about":[{"href":"https:\/\/www.piw.poznan.pl\/index.php\/wp-json\/wp\/v2\/types\/page"}],"author":[{"embeddable":true,"href":"https:\/\/www.piw.poznan.pl\/index.php\/wp-json\/wp\/v2\/users\/1"}],"replies":[{"embeddable":true,"href":"https:\/\/www.piw.poznan.pl\/index.php\/wp-json\/wp\/v2\/comments?post=688"}],"version-history":[{"count":1,"href":"https:\/\/www.piw.poznan.pl\/index.php\/wp-json\/wp\/v2\/pages\/688\/revisions"}],"predecessor-version":[{"id":690,"href":"https:\/\/www.piw.poznan.pl\/index.php\/wp-json\/wp\/v2\/pages\/688\/revisions\/690"}],"wp:attachment":[{"href":"https:\/\/www.piw.poznan.pl\/index.php\/wp-json\/wp\/v2\/media?parent=688"}],"curies":[{"name":"wp","href":"https:\/\/api.w.org\/{rel}","templated":true}]}}